{"id":16,"date":"2021-09-03T14:42:22","date_gmt":"2021-09-03T17:42:22","guid":{"rendered":"https:\/\/ifgoiano.com.br\/ifemmovimento\/?page_id=16"},"modified":"2022-04-03T21:37:27","modified_gmt":"2022-04-04T00:37:27","slug":"sobre-o-boletim","status":"publish","type":"page","link":"https:\/\/ifgoiano.com.br\/ifemmovimento\/","title":{"rendered":"Sobre o boletim"},"content":{"rendered":"\n<h2 class=\"wp-block-heading\"><strong>IF em Movimento.<\/strong><\/h2>\n\n\n\n<p class=\"justificado\">O Boletim informativo &#8220;IF em Movimento&#8221; do IF Goiano &#8211; Campus Ceres tem publica\u00e7\u00e3o trimestral e abrange quest\u00f5es do Ensino, Pesquisa, Extens\u00e3o e Administrativas. Possui 5 guias: amarela, informes gerais; vermelha, mat\u00e9rias especiais sobre temas atuais para o Campus; verde, colunas fixas; roxa, conte\u00fado t\u00e9cnico; e azul, espa\u00e7o destinado \u00e0s quest\u00f5es sobre inclus\u00e3o e diversidade. Desta forma, o informativo contribui com a forma\u00e7\u00e3o t\u00e9cnica e social dos nossos servidores e servidoras, estudantes e comunidade em geral, al\u00e9m de uma importante ferramenta de divulga\u00e7\u00e3o das tantas e maravilhosas a\u00e7\u00f5es que s\u00e3o executadas no Campus Ceres. Em setembro de 2021, o informativo foi registrado com o N\u00famero Internacional Normalizado para Publica\u00e7\u00f5es Seriadas (ISSN) ISSN: 2763-9312.<\/p>\n\n\n\n<p>      <\/p>\n\n\n\n<p><\/p>\n\n\n\n<p><\/p>\n\n\n\n<p><\/p>\n\n\n\n<p><\/p>\n\n\n\n<p><\/p>\n\n\n\n<p><\/p>\n","protected":false},"excerpt":{"rendered":"<div class=\"slide-text-bg2\"><span>IF em Movimento. O Boletim informativo &#8220;IF em Movimento&#8221; do IF Goiano &#8211; Campus Ceres tem publica\u00e7\u00e3o trimestral e abrange quest\u00f5es do E<\/span><\/div>\n<div class=\"slide-btn-area-sm\"><a href=\"https:\/\/ifgoiano.com.br\/ifemmovimento\/\" class=\"slide-btn-sm\">Ler mais<\/a><\/div>\n","protected":false},"author":1,"featured_media":0,"parent":0,"menu_order":0,"comment_status":"closed","ping_status":"closed","template":"","meta":{"footnotes":""},"class_list":["post-16","page","type-page","status-publish","hentry"],"_links":{"self":[{"href":"https:\/\/ifgoiano.com.br\/ifemmovimento\/index.php?rest_route=\/wp\/v2\/pages\/16","targetHints":{"allow":["GET"]}}],"collection":[{"href":"https:\/\/ifgoiano.com.br\/ifemmovimento\/index.php?rest_route=\/wp\/v2\/pages"}],"about":[{"href":"https:\/\/ifgoiano.com.br\/ifemmovimento\/index.php?rest_route=\/wp\/v2\/types\/page"}],"author":[{"embeddable":true,"href":"https:\/\/ifgoiano.com.br\/ifemmovimento\/index.php?rest_route=\/wp\/v2\/users\/1"}],"replies":[{"embeddable":true,"href":"https:\/\/ifgoiano.com.br\/ifemmovimento\/index.php?rest_route=%2Fwp%2Fv2%2Fcomments&post=16"}],"version-history":[{"count":9,"href":"https:\/\/ifgoiano.com.br\/ifemmovimento\/index.php?rest_route=\/wp\/v2\/pages\/16\/revisions"}],"predecessor-version":[{"id":320,"href":"https:\/\/ifgoiano.com.br\/ifemmovimento\/index.php?rest_route=\/wp\/v2\/pages\/16\/revisions\/320"}],"wp:attachment":[{"href":"https:\/\/ifgoiano.com.br\/ifemmovimento\/index.php?rest_route=%2Fwp%2Fv2%2Fmedia&parent=16"}],"curies":[{"name":"wp","href":"https:\/\/api.w.org\/{rel}","templated":true}]}}